{"id":122,"date":"2025-12-04T23:57:47","date_gmt":"2025-12-04T23:57:47","guid":{"rendered":"https:\/\/vienna-intercrosse.com\/?page_id=122"},"modified":"2025-12-17T23:33:17","modified_gmt":"2025-12-17T23:33:17","slug":"intercrosse","status":"publish","type":"page","link":"https:\/\/vienna-intercrosse.com\/en\/intercrosse\/","title":{"rendered":"Intercrosse"},"content":{"rendered":"<div data-elementor-type=\"wp-page\" data-elementor-id=\"122\" class=\"elementor elementor-122\" data-elementor-post-type=\"page\">\n\t\t\t\t<div class=\"elementor-element elementor-element-3dbb463 e-flex e-con-boxed e-con e-parent\" data-id=\"3dbb463\" data-element_type=\"container\" data-e-type=\"container\">\n\t\t\t\t\t<div class=\"e-con-inner\">\n\t\t\t\t<div class=\"elementor-element elementor-element-75621c2 elementor-widget elementor-widget-heading\" data-id=\"75621c2\" data-element_type=\"widget\" data-e-type=\"widget\" data-widget_type=\"heading.default\">\n\t\t\t\t\t<h2 class=\"elementor-heading-title elementor-size-default\">GESCHICHTe<\/h2>\t\t\t\t<\/div>\n\t\t\t\t<div class=\"elementor-element elementor-element-5d44dbb elementor-widget elementor-widget-text-editor\" data-id=\"5d44dbb\" data-element_type=\"widget\" data-e-type=\"widget\" data-widget_type=\"text-editor.default\">\n\t\t\t\t\t\t\t\t\t<div><p>Seit den 80er Jahren gibt es Intercrosse als \u201eno-contact\u201c-Variante von <strong>Lacrosse<\/strong>.<\/p><p>Lacrosse, oder auch der \u201ekleine Bruder des Krieges\u201c hat seinen Ursprung in der Geschichte der nordamerikanischen Ureinwohner. Es gibt Aufzeichnungen von Lacrosse-Spielen die ins 15. Jahrhundert zur\u00fcckreichen.<\/p><p>Einerseits wurde das Spiel f\u00fcr Abh\u00e4rtungszwecke und Training der Krieger genutzt aber auch als rituelles Spiel fand es Anwendung. Speziell bei den St\u00e4mmen der nordamerikanischen Ostk\u00fcste hatte das Spiel einen starken kulturellen und spirituellen Bezug mit zahlreichen Mythen und Geschichten.<\/p><p>Von den franz\u00f6sischen Missionaren entdeckt, wurde es im 19. Jahrhundert reglementiert und adaptiert. Im Zuge dessen, wurde das Spiel erstmals mit Lacrosse bezeichnet, da der Schl\u00e4ger an einen Bischofsstab erinnert. Heute hat sich dieses traditionelle Ballspiel der Ureinwohner Nordamerikas zu einem modernen und kommerziellen Spiel in den Vereinigten Staaten und Kanada entwickelt.<\/p><p>Da sich Lacrosse durch den K\u00f6rperkontakt nicht f\u00fcr den Schulsport eignete, entstand in den <strong>1970er Jahren<\/strong> eine Soft-Variante in Kanada und den Vereinigten Staaten. Ziel war es die technischen und koordinativen Elemente von Lacrosse in ein Spiel zu transferieren, dessen Grundtechnik und Regelwerk leicht zu erlernen ist. Schnell erfreute sich das neu entwickelte Spiel, das mit Plastikschl\u00e4gern und einem Gummiball gespielt wurde, nicht nur in der Schule gro\u00dfer Beliebtheit.<\/p><p>Zur F\u00f6rderung der wachsenden Anzahl an Vereinen wurde 1985 der Intercrosse Weltverband (FIIC) in Paris gegr\u00fcndet.<\/p><p>Auch im deutschsprachigen Raum wuchs Intercrosse in den letzten Jahren. Vor allem in Deutschland und der Schweiz gibt es schon eine Vielzahl an Vereinen und auch einen regelm\u00e4\u00dfigen Ligabetrieb. Zus\u00e4tzlich hat sich der Sport in der Schweiz auch als Schulsport etablieren k\u00f6nnen. In den Vereinigten Staaten spielten 1999 bereits eine halbe Million Kinder in 50 verschiedenen Bundesstaaten dieses neue Spiel. Wobei das Spiel durch die Tatsache, dass Burschen und M\u00e4dchen gemeinsam spielten und der Wettkampfgedanke nicht im Vordergrund stand eine Besonderheit darstellte.<\/p><p>Der Weltverband (FIIC) richtet regelm\u00e4\u00dfig den <strong>World Cup<\/strong> (Weltmeisterschaften) und die <strong>World Games<\/strong> aus. Bei den World Games werden Einzelspieler und -spielerinnen aus der ganzen Welt am Beginn des Turnieres in Mannschaften gelost &#8211; Spa\u00df am Spiel und der Kontakt zu anderen Intercrosse-SpielerInnen stehen im Vordergrund.<\/p><p>Situation in \u00d6sterreich: 2005 wurde der \u00d6sterreichische Lacrosse Verband, mit dem Ziel den \u00d6sterreichischen Lacrosse Sport zu f\u00f6rdern, gegr\u00fcndet. Seit dem Jahr 2010 gibt es eine eigene Intercrosse-Sparte. Diese hat die Aufgabe Intercrosse an Schulen vorzustellen und Unterst\u00fctzung bei der Durchf\u00fchrung im Sportunterricht zu bieten.<\/p><p>Vienna Ewoks Intercrosse ist der 1. Intercrosse-Verein in \u00d6sterreich und wurde am 4.November 2011 gegr\u00fcndet.<\/p><\/div>\t\t\t\t\t\t\t\t<\/div>\n\t\t\t\t<div class=\"elementor-element elementor-element-e0a8733 elementor-widget elementor-widget-heading\" data-id=\"e0a8733\" data-element_type=\"widget\" data-e-type=\"widget\" data-widget_type=\"heading.default\">\n\t\t\t\t\t<h2 class=\"elementor-heading-title elementor-size-default\">REGELN<\/h2>\t\t\t\t<\/div>\n\t\t\t\t<div class=\"elementor-element elementor-element-0d590cc elementor-widget elementor-widget-heading\" data-id=\"0d590cc\" data-element_type=\"widget\" data-e-type=\"widget\" data-widget_type=\"heading.default\">\n\t\t\t\t\t<h4 class=\"elementor-heading-title elementor-size-default\">Das Spielfeld<\/h4>\t\t\t\t<\/div>\n\t\t\t\t<div class=\"elementor-element elementor-element-2ab7d8f elementor-widget elementor-widget-text-editor\" data-id=\"2ab7d8f\" data-element_type=\"widget\" data-e-type=\"widget\" data-widget_type=\"text-editor.default\">\n\t\t\t\t\t\t\t\t\t<div><p>In einer Sporthalle wird auf dem Handballfeld (40 x 20 m) gespielt. Falls dies nicht zur Verf\u00fcgung steht, einigt man sich auf ein vergleichbares Spielfeld (Basketballfeld). Das Feld besteht aus zwei Zonen: Angriffs- und Verteidigungszone. Auf dem Spielfeld kann sich jede\/r SpielerIn frei bewegen.<br \/>Die Tore sind 1,22 x 1,22 m gro\u00df und um die Tore befinden sich Torkreise mit 2,75 m Radius, gemessen von der Mitte der Torlinie. 7 m von der Torlinie entfernt, befindet sich parallel dazu die Freiwurflinie (0,60 m lang).<\/p><\/div>\t\t\t\t\t\t\t\t<\/div>\n\t\t\t\t<div class=\"elementor-element elementor-element-48be7a1 elementor-widget elementor-widget-heading\" data-id=\"48be7a1\" data-element_type=\"widget\" data-e-type=\"widget\" data-widget_type=\"heading.default\">\n\t\t\t\t\t<h4 class=\"elementor-heading-title elementor-size-default\">Die Ausr\u00fcstung<\/h4>\t\t\t\t<\/div>\n\t\t\t\t<div class=\"elementor-element elementor-element-2a1f23d elementor-widget elementor-widget-text-editor\" data-id=\"2a1f23d\" data-element_type=\"widget\" data-e-type=\"widget\" data-widget_type=\"text-editor.default\">\n\t\t\t\t\t\t\t\t\t<p>Gespielt wird mit einem <strong>Intercrosse-Schl\u00e4ger (\u201eStick\u201c)<\/strong>. Dieser darf keine scharfen Kanten haben und nicht aus Holz sein. Der <strong>Ball<\/strong> muss aus weichem Gummi bestehen. Die SpielerInnen tragen normale Sportbekleidung, eventuell eine Schutzbrille. Der Torwart tr\u00e4gt Helm, Handschuhe, sowie einen Brustschutz und bei Bedarf einen Tiefschutz. Es kann jedoch auch ohne festen Torwart gespielt werden.<\/p>\t\t\t\t\t\t\t\t<\/div>\n\t\t\t\t<div class=\"elementor-element elementor-element-13b58bc elementor-widget elementor-widget-heading\" data-id=\"13b58bc\" data-element_type=\"widget\" data-e-type=\"widget\" data-widget_type=\"heading.default\">\n\t\t\t\t\t<h4 class=\"elementor-heading-title elementor-size-default\">Mannschaften<\/h4>\t\t\t\t<\/div>\n\t\t\t\t<div class=\"elementor-element elementor-element-01673f2 elementor-widget elementor-widget-text-editor\" data-id=\"01673f2\" data-element_type=\"widget\" data-e-type=\"widget\" data-widget_type=\"text-editor.default\">\n\t\t\t\t\t\t\t\t\tEine Mannschaft besteht aus max. 12 Feld-SpielerInnen und 2 Torwarten. Auf dem Feld spielen 4 FeldspielerInnen und ein Torwart. Der SpielerInnenwechsel w\u00e4hrend des Spiels verl\u00e4uft fliegend.\t\t\t\t\t\t\t\t<\/div>\n\t\t\t\t<div class=\"elementor-element elementor-element-3fdbb64 elementor-widget elementor-widget-heading\" data-id=\"3fdbb64\" data-element_type=\"widget\" data-e-type=\"widget\" data-widget_type=\"heading.default\">\n\t\t\t\t\t<h4 class=\"elementor-heading-title elementor-size-default\">Die wichtigsten Spielregeln und Spielabl\u00e4ufe<\/h4>\t\t\t\t<\/div>\n\t\t\t\t<div class=\"elementor-element elementor-element-8673d42 elementor-widget elementor-widget-text-editor\" data-id=\"8673d42\" data-element_type=\"widget\" data-e-type=\"widget\" data-widget_type=\"text-editor.default\">\n\t\t\t\t\t\t\t\t\t<ul><li><strong>Kein Kontakt zwischen K\u00f6rper\/K\u00f6rper und K\u00f6rper\/Stick<\/strong>. Wenn die Schl\u00e4ger beim Kampf um den Ball (\u201ecovern\u201c) unabsichtlich zusammensto\u00dfen, ist keine Spielunterbrechung notwendig.<\/li><li>Zu Beginn wird das Wahlrecht f\u00fcr Ballbesitz oder Seitenwahl ausgelost und vom Torwart ins Spiel gebracht.<\/li><li>Der Ball darf nur mit dem Stick gef\u00fchrt werden. Er darf weder geschlagen noch mit dem K\u00f6rper gef\u00fchrt werden.<\/li><li>Ein\/e SpielerIn darf den Ball nur maximal <strong>5 Sekunden<\/strong> im Korb halten. Innerhalb von 30 Sekunden muss der Angriff erfolgen.<\/li><li>Der\/die Ball f\u00fchrende SpielerIn darf nur <strong>laufen oder stehen<\/strong> (Sternschritt). Gehen ist untersagt.<\/li><li>F\u00e4llt der Ball auf den Boden, hat man die M\u00f6glichkeit ihn mit dem Stick aufzunehmen oder ihn zu \u201ecovern\u201d. Dazu bedeckt man den Ball mit dem Kopf des Sticks. Danach wird der Ball von au\u00dfen ins Spiel gebracht bzw. in der eigenen H\u00e4lfte von der gleichen Stelle weiter gespielt. Beim Laufen muss der Stick mit beiden H\u00e4nden gehalten werden. Fangen, werfen und covern ist mit einer Hand gestattet.<\/li><li>Wenn ein Ball im \u201eAus\u201c landet, kann der\/die SpielerIn, der den Ball zur\u00fcck ins Spiel bringt, mit dem Ball einlaufen oder einen Pass spielen. Auch hier gilt wieder die 5-Sekunden- Regel.<\/li><li>Vor den beiden Toren ist ein Halbkreis mit einem Radius von 2,75m. Dieser darf von den Angreifern\/innen nicht betreten werden. In diesem Kreis ist es dem Torh\u00fcter erlaubt, den Ball mit seinem\/ihrem K\u00f6rper abzuwehren und den Ball mit der Hand zu f\u00fchren.<\/li><li>Bei der Verteidigung ist auf strikte <strong>Manndeckung<\/strong> zu achten. Jede\/r VerteidigerIn muss einem\/er AngreiferIn zugeordnet sein. Zonenverteidigung oder \u201eDoppeln\u201c von Angreifern ist untersagt.<\/li><li>Da der\/die VerteidigerIn den\/die AngreiferIn nicht attackieren darf, muss er\/sie versuchen, seine\/ihre Lauf- und Passwege geschickt einzuschr\u00e4nken, P\u00e4sse des\/der Gegners\/in abzufangen und freie B\u00e4lle schnell zu sichern.<\/li><li>Spielzeit ist 4 x 12 Minuten.<\/li><li>Ein Angriff muss nach 30 Sekunden abgeschlossen werden. Wird ein Abpraller vom Torwart aufgenommen startet die Zeit neu.<\/li><li>Es werden <strong>drei Sorten von Fouls unterschieden<\/strong>, die mit verschiedenen Strafstufen geahndet werden:<ul><li>Leichte Regelverst\u00f6\u00dfe, wie Gehen mit dem Ball oder Versto\u00df gegen die Zeitregel ziehen den Wechsel des Angriffsrechts nach sich.<\/li><li>Schwere Regelverst\u00f6\u00dfe, wie Zonenverteidigung oder heftiger K\u00f6rperkontakt mit dem\/der GegnerIn, werden mit einem Freiwurf bestraft.<\/li><li>Bei unsportlichem Verhalten, wird der\/die SpielerIn vom Platz gestellt.<\/li><\/ul><\/li><\/ul>\t\t\t\t\t\t\t\t<\/div>\n\t\t\t\t<div class=\"elementor-element elementor-element-c64acb8 elementor-align-center elementor-widget elementor-widget-button\" data-id=\"c64acb8\" data-element_type=\"widget\" data-e-type=\"widget\" data-widget_type=\"button.default\">\n\t\t\t\t\t\t\t\t\t\t<a class=\"elementor-button elementor-button-link elementor-size-sm\" href=\"\/wp-content\/uploads\/2025\/12\/regelwerk_deutsch.pdf\" target=\"_blank\">\n\t\t\t\t\t\t<span class=\"elementor-button-content-wrapper\">\n\t\t\t\t\t\t\t\t\t<span class=\"elementor-button-text\">Download Regelwerk (PDF)<\/span>\n\t\t\t\t\t<\/span>\n\t\t\t\t\t<\/a>\n\t\t\t\t\t\t\t\t<\/div>\n\t\t\t\t\t<\/div>\n\t\t\t\t<\/div>\n\t\t\t\t<\/div>","protected":false},"excerpt":{"rendered":"<p>GESCHICHTe Seit den 80er Jahren gibt es Intercrosse als \u201eno-contact\u201c-Variante von Lacrosse. Lacrosse, oder auch der \u201ekleine Bruder des Krieges\u201c hat seinen Ursprung in der Geschichte der nordamerikanischen Ureinwohner. Es gibt Aufzeichnungen von Lacrosse-Spielen die ins 15. Jahrhundert zur\u00fcckreichen. Einerseits wurde das Spiel f\u00fcr Abh\u00e4rtungszwecke und Training der Krieger genutzt aber auch als rituelles Spiel [&hellip;]<\/p>\n","protected":false},"author":1,"featured_media":0,"parent":0,"menu_order":0,"comment_status":"closed","ping_status":"closed","template":"","meta":{"footnotes":""},"class_list":["post-122","page","type-page","status-publish","hentry"],"_links":{"self":[{"href":"https:\/\/vienna-intercrosse.com\/en\/wp-json\/wp\/v2\/pages\/122","targetHints":{"allow":["GET"]}}],"collection":[{"href":"https:\/\/vienna-intercrosse.com\/en\/wp-json\/wp\/v2\/pages"}],"about":[{"href":"https:\/\/vienna-intercrosse.com\/en\/wp-json\/wp\/v2\/types\/page"}],"author":[{"embeddable":true,"href":"https:\/\/vienna-intercrosse.com\/en\/wp-json\/wp\/v2\/users\/1"}],"replies":[{"embeddable":true,"href":"https:\/\/vienna-intercrosse.com\/en\/wp-json\/wp\/v2\/comments?post=122"}],"version-history":[{"count":13,"href":"https:\/\/vienna-intercrosse.com\/en\/wp-json\/wp\/v2\/pages\/122\/revisions"}],"predecessor-version":[{"id":202,"href":"https:\/\/vienna-intercrosse.com\/en\/wp-json\/wp\/v2\/pages\/122\/revisions\/202"}],"wp:attachment":[{"href":"https:\/\/vienna-intercrosse.com\/en\/wp-json\/wp\/v2\/media?parent=122"}],"curies":[{"name":"wp","href":"https:\/\/api.w.org\/{rel}","templated":true}]}}