{"id":91,"date":"2025-12-04T22:41:30","date_gmt":"2025-12-04T22:41:30","guid":{"rendered":"https:\/\/vienna-intercrosse.com\/?page_id=91"},"modified":"2025-12-17T23:25:22","modified_gmt":"2025-12-17T23:25:22","slug":"impressum","status":"publish","type":"page","link":"https:\/\/vienna-intercrosse.com\/en\/impressum\/","title":{"rendered":"Impressum"},"content":{"rendered":"<div data-elementor-type=\"wp-page\" data-elementor-id=\"91\" class=\"elementor elementor-91\" data-elementor-post-type=\"page\">\n\t\t\t\t<div class=\"elementor-element elementor-element-b617ac5 e-flex e-con-boxed e-con e-parent\" data-id=\"b617ac5\" data-element_type=\"container\" data-e-type=\"container\">\n\t\t\t\t\t<div class=\"e-con-inner\">\n\t\t\t\t<div class=\"elementor-element elementor-element-36611dd elementor-widget elementor-widget-heading\" data-id=\"36611dd\" data-element_type=\"widget\" data-e-type=\"widget\" data-widget_type=\"heading.default\">\n\t\t\t\t\t<h2 class=\"elementor-heading-title elementor-size-default\">Impressum<\/h2>\t\t\t\t<\/div>\n\t\t\t\t<div class=\"elementor-element elementor-element-b2e3958 elementor-widget elementor-widget-text-editor\" data-id=\"b2e3958\" data-element_type=\"widget\" data-e-type=\"widget\" data-widget_type=\"text-editor.default\">\n\t\t\t\t\t\t\t\t\t<p><strong>F\u00fcr den Inhalt verantwortlich:<\/strong><\/p><p>Vienna Ewoks Intercrosse<br \/>Stephan Lorenz (Obmann)<br \/>Peter Parapatics (Obmann-Stellvertreter)<\/p><p>Der Verein ist im November 2011 gegr\u00fcndet worden und im Wiener Vereinsregister unter der ZVR-Zahl: 556169663 als gemeinn\u00fctziger Verein aufgenommen.<\/p><p>Der Verein ist\u00a0Mitgliedsverein des <a href=\"https:\/\/www.oelaxv.com\/de\/\" target=\"_blank\" rel=\"noopener\">\u00d6sterreichischen Lacrosse Verbandes (\u00d6LAXV<\/a>) und Mitglied der <a href=\"https:\/\/www.askoe.at\/de\" target=\"_blank\" rel=\"noopener\">ASK\u00d6<\/a>.\u00a0\u00a0<\/p><p><strong>Vereinsanschrift: <br \/><\/strong>Vienna Ewoks Intercrosse<br \/>Schillochweg 21\/2\/4<br \/>1220 Wien<\/p><p><strong>Design und Entwicklung der Webseite:<\/strong> <br \/>Patrick Th\u00f6ner<\/p>\t\t\t\t\t\t\t\t<\/div>\n\t\t\t\t\t<\/div>\n\t\t\t\t<\/div>\n\t\t\t\t<\/div>","protected":false},"excerpt":{"rendered":"<p>Impressum F\u00fcr den Inhalt verantwortlich: Vienna Ewoks IntercrosseStephan Lorenz (Obmann)Peter Parapatics (Obmann-Stellvertreter) Der Verein ist im November 2011 gegr\u00fcndet worden und im Wiener Vereinsregister unter der ZVR-Zahl: 556169663 als gemeinn\u00fctziger Verein aufgenommen. Der Verein ist\u00a0Mitgliedsverein des \u00d6sterreichischen Lacrosse Verbandes (\u00d6LAXV) und Mitglied der ASK\u00d6.\u00a0\u00a0 Vereinsanschrift: Vienna Ewoks IntercrosseSchillochweg 21\/2\/41220 Wien Design und Entwicklung der Webseite: [&hellip;]<\/p>\n","protected":false},"author":1,"featured_media":0,"parent":0,"menu_order":0,"comment_status":"closed","ping_status":"closed","template":"","meta":{"footnotes":""},"class_list":["post-91","page","type-page","status-publish","hentry"],"_links":{"self":[{"href":"https:\/\/vienna-intercrosse.com\/en\/wp-json\/wp\/v2\/pages\/91","targetHints":{"allow":["GET"]}}],"collection":[{"href":"https:\/\/vienna-intercrosse.com\/en\/wp-json\/wp\/v2\/pages"}],"about":[{"href":"https:\/\/vienna-intercrosse.com\/en\/wp-json\/wp\/v2\/types\/page"}],"author":[{"embeddable":true,"href":"https:\/\/vienna-intercrosse.com\/en\/wp-json\/wp\/v2\/users\/1"}],"replies":[{"embeddable":true,"href":"https:\/\/vienna-intercrosse.com\/en\/wp-json\/wp\/v2\/comments?post=91"}],"version-history":[{"count":10,"href":"https:\/\/vienna-intercrosse.com\/en\/wp-json\/wp\/v2\/pages\/91\/revisions"}],"predecessor-version":[{"id":196,"href":"https:\/\/vienna-intercrosse.com\/en\/wp-json\/wp\/v2\/pages\/91\/revisions\/196"}],"wp:attachment":[{"href":"https:\/\/vienna-intercrosse.com\/en\/wp-json\/wp\/v2\/media?parent=91"}],"curies":[{"name":"wp","href":"https:\/\/api.w.org\/{rel}","templated":true}]}}